{"id":154,"date":"2016-03-27T17:57:00","date_gmt":"2016-03-27T17:57:00","guid":{"rendered":"http:\/\/www.orinokia.es\/wordpress\/?page_id=154"},"modified":"2017-08-22T16:19:20","modified_gmt":"2017-08-22T16:19:20","slug":"asesoria-financiera","status":"publish","type":"page","link":"http:\/\/www.orinokia.es\/wordpress\/es\/otros-servicios\/asesoria-financiera\/","title":{"rendered":"Asesor\u00eda financiera"},"content":{"rendered":"<p>Nuestra Consultora, <em><strong><span style=\"color: #672b00;\">Orinokia Consultores Internacionales<\/span><\/strong>, <\/em>ofrece asesor\u00eda en servicios financieros.<\/p>\n<p><a href=\"http:\/\/www.orinokia.es\/wordpress\/wp-content\/uploads\/2016\/03\/finanzas.jpg\" rel=\"attachment wp-att-180\"><img loading=\"lazy\" decoding=\"async\" class=\"alignright size-medium wp-image-180\" src=\"http:\/\/www.orinokia.es\/wordpress\/wp-content\/uploads\/2016\/03\/finanzas-300x225.jpg\" alt=\"finanzas\" width=\"300\" height=\"225\" srcset=\"http:\/\/www.orinokia.es\/wordpress\/wp-content\/uploads\/2016\/03\/finanzas-300x225.jpg 300w, http:\/\/www.orinokia.es\/wordpress\/wp-content\/uploads\/2016\/03\/finanzas.jpg 600w\" sizes=\"(max-width: 300px) 100vw, 300px\" \/><\/a>En nuestro inter\u00e9s de brindar un servicio integral al inmigrante, y teniendo en cuenta que la administraci\u00f3n espa\u00f1ola ha establecido, para varios de sus tr\u00e1mites, la obligatoriedad de suscribir un seguro que homologue las prestaciones de la Sanidad P\u00fablica espa\u00f1ola, nuestra Consultora, <em><strong><span style=\"color: #672b00;\">Orinokia Consultores Internacionales<\/span><\/strong>, <\/em>ha constituido una Alianza Estrat\u00e9gica con una consolidada y reconocida Corredur\u00eda de Seguros que agrupa a diez de las m\u00e1s grandes aseguradores espa\u00f1olas y europeas. Nuestra objetivo es que en nuestro Despacho el extranjero tenga acceso a una amplia gama de los servicios que necesitar\u00e1 en el marco de su gesti\u00f3n de residencia legal.<\/p>\n<p>Dicha Corredur\u00eda de Seguros brindar\u00e1 al inmigrante una buena consultor\u00eda en seguros, para de esta manera obtener, el seguro que mejor se adapte a sus necesidades en Espa\u00f1a.<\/p>\n<p>Adem\u00e1s brindaremos asesor\u00eda en una amplia gama de otros seguros y planificaci\u00f3n financiera.<\/p>\n","protected":false},"excerpt":{"rendered":"<p>Nuestra Consultora, Orinokia Consultores Internacionales, ofrece asesor\u00eda en servicios financieros. En nuestro inter\u00e9s de brindar un servicio integral al inmigrante, y teniendo en cuenta que la administraci\u00f3n espa\u00f1ola ha establecido, para varios de sus tr\u00e1mites, la obligatoriedad de suscribir un &hellip; <a href=\"http:\/\/www.orinokia.es\/wordpress\/es\/otros-servicios\/asesoria-financiera\/\">Sigue leyendo <span class=\"meta-nav\">&rarr;<\/span><\/a><\/p>\n","protected":false},"author":1,"featured_media":0,"parent":103,"menu_order":0,"comment_status":"closed","ping_status":"closed","template":"showcase.php","meta":{"footnotes":""},"_links":{"self":[{"href":"http:\/\/www.orinokia.es\/wordpress\/wp-json\/wp\/v2\/pages\/154"}],"collection":[{"href":"http:\/\/www.orinokia.es\/wordpress\/wp-json\/wp\/v2\/pages"}],"about":[{"href":"http:\/\/www.orinokia.es\/wordpress\/wp-json\/wp\/v2\/types\/page"}],"author":[{"embeddable":true,"href":"http:\/\/www.orinokia.es\/wordpress\/wp-json\/wp\/v2\/users\/1"}],"replies":[{"embeddable":true,"href":"http:\/\/www.orinokia.es\/wordpress\/wp-json\/wp\/v2\/comments?post=154"}],"version-history":[{"count":7,"href":"http:\/\/www.orinokia.es\/wordpress\/wp-json\/wp\/v2\/pages\/154\/revisions"}],"predecessor-version":[{"id":189,"href":"http:\/\/www.orinokia.es\/wordpress\/wp-json\/wp\/v2\/pages\/154\/revisions\/189"}],"up":[{"embeddable":true,"href":"http:\/\/www.orinokia.es\/wordpress\/wp-json\/wp\/v2\/pages\/103"}],"wp:attachment":[{"href":"http:\/\/www.orinokia.es\/wordpress\/wp-json\/wp\/v2\/media?parent=154"}],"curies":[{"name":"wp","href":"https:\/\/api.w.org\/{rel}","templated":true}]}}