{"id":260,"date":"2017-08-22T16:13:17","date_gmt":"2017-08-22T16:13:17","guid":{"rendered":"http:\/\/www.orinokia.es\/wordpress\/?page_id=260"},"modified":"2018-03-03T12:21:10","modified_gmt":"2018-03-03T12:21:10","slug":"portal-de-pago","status":"publish","type":"page","link":"http:\/\/www.orinokia.es\/wordpress\/es\/inicio\/portal-de-pago\/","title":{"rendered":"Portal de pago"},"content":{"rendered":"<p><strong>Pago mediante Paypal<\/strong><\/p>\n<ol>\n<li>Paypal acepta la mayoria de tarjetas de d\u00e9bito y cr\u00e9dito de la mayor\u00eda de pa\u00edses. No es necesario tener una cuenta Paypal para pagar.<\/li>\n<li>Nuestras tarifas est\u00e1n estipuladas en Euros. Paypal se encargar\u00e1 de convertir ese monto en la moneda de la cuenta de origen.<\/li>\n<\/ol>\n<ul>\n<li><a href=\"https:\/\/www.paypal.com\/cgi-bin\/webscr?cmd=_s-xclick&amp;hosted_button_id=9LF497YHLCREW\" target=\"_blank\" rel=\"noopener noreferrer\">Pagar ahora<\/a><\/li>\n<\/ul>\n","protected":false},"excerpt":{"rendered":"<p>Pago mediante Paypal Paypal acepta la mayoria de tarjetas de d\u00e9bito y cr\u00e9dito de la mayor\u00eda de pa\u00edses. No es necesario tener una cuenta Paypal para pagar. Nuestras tarifas est\u00e1n estipuladas en Euros. Paypal se encargar\u00e1 de convertir ese monto &hellip; <a href=\"http:\/\/www.orinokia.es\/wordpress\/es\/inicio\/portal-de-pago\/\">Sigue leyendo <span class=\"meta-nav\">&rarr;<\/span><\/a><\/p>\n","protected":false},"author":1,"featured_media":0,"parent":2,"menu_order":0,"comment_status":"closed","ping_status":"closed","template":"showcase.php","meta":{"footnotes":""},"_links":{"self":[{"href":"http:\/\/www.orinokia.es\/wordpress\/wp-json\/wp\/v2\/pages\/260"}],"collection":[{"href":"http:\/\/www.orinokia.es\/wordpress\/wp-json\/wp\/v2\/pages"}],"about":[{"href":"http:\/\/www.orinokia.es\/wordpress\/wp-json\/wp\/v2\/types\/page"}],"author":[{"embeddable":true,"href":"http:\/\/www.orinokia.es\/wordpress\/wp-json\/wp\/v2\/users\/1"}],"replies":[{"embeddable":true,"href":"http:\/\/www.orinokia.es\/wordpress\/wp-json\/wp\/v2\/comments?post=260"}],"version-history":[{"count":5,"href":"http:\/\/www.orinokia.es\/wordpress\/wp-json\/wp\/v2\/pages\/260\/revisions"}],"predecessor-version":[{"id":292,"href":"http:\/\/www.orinokia.es\/wordpress\/wp-json\/wp\/v2\/pages\/260\/revisions\/292"}],"up":[{"embeddable":true,"href":"http:\/\/www.orinokia.es\/wordpress\/wp-json\/wp\/v2\/pages\/2"}],"wp:attachment":[{"href":"http:\/\/www.orinokia.es\/wordpress\/wp-json\/wp\/v2\/media?parent=260"}],"curies":[{"name":"wp","href":"https:\/\/api.w.org\/{rel}","templated":true}]}}